{"id":2002,"date":"2021-09-24T12:09:18","date_gmt":"2021-09-24T10:09:18","guid":{"rendered":"https:\/\/roy-hitchman.ch.ownb.it\/?page_id=2002"},"modified":"2023-07-21T16:00:24","modified_gmt":"2023-07-21T14:00:24","slug":"executive-team-assessment","status":"publish","type":"page","link":"https:\/\/www.roy-hitchman.ch\/en\/executive-team-assessment\/","title":{"rendered":"Executive Team Assessment"},"content":{"rendered":"<div  class=\"page-section hero-section with-boxed-content\" data-fit-in=\"cover\">\n\t<div  class=\"container container-fluid hero-media hero-media-image with-summary size-normal with-content\" style=\"background-position: center center; --background-ratio: 1.8028169014085; --background-image--hero-sm: url(&#039;https:\/\/www.roy-hitchman.ch\/wp-content\/uploads\/hero-deep-blue-water-and-lights-768x426.jpg&#039;); --background-image--hero-sm-2x: url(&#039;https:\/\/www.roy-hitchman.ch\/wp-content\/uploads\/hero-deep-blue-water-and-lights-1536x851.jpg&#039;); --background-image--hero-md: url(&#039;https:\/\/www.roy-hitchman.ch\/wp-content\/uploads\/hero-deep-blue-water-and-lights-992x550.jpg&#039;); --background-image--hero-md-2x: url(&#039;https:\/\/www.roy-hitchman.ch\/wp-content\/uploads\/hero-deep-blue-water-and-lights-1984x1100.jpg&#039;); --background-image--hero-lg: url(&#039;https:\/\/www.roy-hitchman.ch\/wp-content\/uploads\/hero-deep-blue-water-and-lights-1200x665.jpg&#039;); --background-image--hero-lg-2x: url(&#039;https:\/\/www.roy-hitchman.ch\/wp-content\/uploads\/hero-deep-blue-water-and-lights-2400x1330.jpg&#039;); --background-image--hero-xl: url(&#039;https:\/\/www.roy-hitchman.ch\/wp-content\/uploads\/hero-deep-blue-water-and-lights-1600x887.jpg&#039;); --background-image--hero-xl-2x: url(&#039;https:\/\/www.roy-hitchman.ch\/wp-content\/uploads\/hero-deep-blue-water-and-lights.jpg&#039;); --background-image--hero-2xl: url(&#039;https:\/\/www.roy-hitchman.ch\/wp-content\/uploads\/hero-deep-blue-water-and-lights-1920x1064.jpg&#039;); --background-image--hero-2xl-2x: url(&#039;https:\/\/www.roy-hitchman.ch\/wp-content\/uploads\/hero-deep-blue-water-and-lights.jpg&#039;); --background-image--hero-3xl: url(&#039;https:\/\/www.roy-hitchman.ch\/wp-content\/uploads\/hero-deep-blue-water-and-lights.jpg&#039;); --background-image--hero-3xl-2x: url(&#039;https:\/\/www.roy-hitchman.ch\/wp-content\/uploads\/hero-deep-blue-water-and-lights.jpg&#039;); background-image: url(&#039;https:\/\/www.roy-hitchman.ch\/wp-content\/uploads\/hero-deep-blue-water-and-lights.jpg&#039;)\">\n\t\t<button class=\"scroll-indicator\" aria-hidden=\"false\">\n\t\t\t<svg class=\"scroll-indicator-icon\" aria-hidden=\"true\" focusable=\"false\" width=\"31\" height=\"38\" viewBox=\"0 0 31 38\" xmlns=\"http:\/\/www.w3.org\/2000\/svg\"><polygon transform=\"rotate(90 996 -329.5)\" points=\"1348.2 636 1345.61 638.625 1355.97 649.125 1326 649.125 1326 652.875 1355.97 652.875 1345.61 663.375 1348.2 666 1363 651\" fill=\"#FFF\" fill-rule=\"nonzero\"\/><\/svg>\n\t\t<\/button>\n\t\t<img\n\tsrc=\"https:\/\/www.roy-hitchman.ch\/wp-content\/uploads\/hero-deep-blue-water-and-lights-768x768.jpg\"\n\tsrcset=\"https:\/\/www.roy-hitchman.ch\/wp-content\/uploads\/hero-deep-blue-water-and-lights-1536x1419.jpg 2x\"\n\tclass=\"hero-mobile-image\"\n\tstyle=\"object-position: center center\"\n\twidth=\"450\"\n\theight=\"450\"\n\talt=\"\"\n\taria-hidden=\"true\"\n>\n\n\t\t<div  class=\"hero-content boxed\" data-sal>\n\t\t\t<div class=\"container\">\n\t\t\t\t<div class=\"inner-container\">\n\t\t\t\t\t\n\t\t\t\t<\/div>\n\t\t\t<\/div>\n\t\t<\/div>\n\t<\/div>\n\t<div class=\"container boxed-container\">\n\t<div class=\"boxed-content style-primary\" data-sal>\n\t\t<h1>Executive team assessment<\/h1>\n<p class=\"bodycopy\">The operational management team determines the success or failure of a company. Neither a strategically outstanding board nor a dedicated workforce can change this.<\/p>\n\n\t<\/div>\n\t<div class=\"hero-summary desktop\" data-sal>\n\t<div class=\"summary-title\">\n\t\t<span>On this page<\/span>\n\n\t\t<svg class=\"summary-icon summary-icon-desktop\" aria-hidden=\"true\" focusable=\"false\" width=\"9\" height=\"14\" xmlns=\"http:\/\/www.w3.org\/2000\/svg\"><path d=\"M5.084 0v10.854l3.09-3.09L9 8.59l-4.5 4.501L0 8.59l.826-.826 3.09 3.09V0z\" fill=\"currentColor\" fill-rule=\"nonzero\"\/><\/svg>\n\t<\/div>\n\n\t<ul class=\"summary-list\">\n\t\t<li class=\"summary-item\">\n\t<a href=\"#ausgangslage\" class=\"summary-link\">Situation<\/a>\n<\/li><li class=\"summary-item\">\n\t<a href=\"#service\" class=\"summary-link\">Service<\/a>\n<\/li><li class=\"summary-item\">\n\t<a href=\"#honorar\" class=\"summary-link\">Fee<\/a>\n<\/li>\n\t<\/ul>\n<\/div>\n<\/div>\n<div class=\"hero-summary container mobile\" data-sal>\n\t<button type=\"button\" class=\"summary-title\">\n\t\t<span>On this page<\/span>\n\n\t\t<span class=\"summary-toggle\">\n\t\t\t<svg aria-hidden=\"true\" focusable=\"false\" class=\"summary-icon summary-icon-mobile\" width=\"13\" height=\"13\" viewBox=\"0 0 13 13\" xmlns=\"http:\/\/www.w3.org\/2000\/svg\">\n\t\t\t\t<g fill-rule=\"evenodd\">\n\t\t\t\t\t<rect fill=\"currentColor\" y=\"5.75\" width=\"13\" height=\"1.5\"\/>\n\t\t\t\t\t<rect fill=\"currentColor\" class=\"summary-icon-line-vertical\" x=\"5.75\" width=\"1.5\" height=\"13\"\/>\n\t\t\t\t<\/g>\n\t\t\t<\/svg>\n\t\t<\/span>\n\t<\/button>\n\n\t<ul class=\"summary-list\">\n\t\t<li class=\"summary-item\">\n\t<a href=\"#ausgangslage\" class=\"summary-link\">Situation<\/a>\n<\/li><li class=\"summary-item\">\n\t<a href=\"#service\" class=\"summary-link\">Service<\/a>\n<\/li><li class=\"summary-item\">\n\t<a href=\"#honorar\" class=\"summary-link\">Fee<\/a>\n<\/li>\n\t<\/ul>\n<\/div>\n<\/div><div  id=\"ausgangslage\" class=\"page-section style-default layout-default align-default\">\n\t<div class=\"section-grid grid-layout container\"><div  style=\"--grid-layout-index: 1; --col-xs: 12; --col-sm: 12; --col-md: 4; --col-lg: 4; --col-xl: 3\" class=\"section-item layout-default layout-margin-default\" data-sal><h2>Situation<\/h2>\n<\/div><div  style=\"--grid-layout-index: 2; --col-xs: 12; --col-sm: 12; --col-md: 8; --col-lg: 8; --col-xl: 7\" class=\"section-item layout-default layout-margin-default\" data-sal><p class=\"bodycopy\">Good corporate governance requires a management team that is largely aligned with the specified goals, shows respect for one another, thinks and governs in a holistic manner, is able to set individual goals aside when necessary and can get employees to buy into the company&#8217;s plans.<\/p>\n<p class=\"bodycopy\">A management team that appears unified, acts consistently and clearly and involves employees in important projects and decisions, motivates them and thus has a positive impact on the labor market.<\/p>\n<p class=\"bodycopy\">Reliability and predictability are key when dealing with stakeholders and, in particular, shareholders.<\/p>\n\n<img loading=\"lazy\" decoding=\"async\" width=\"1024\" height=\"681\" src=\"https:\/\/www.roy-hitchman.ch\/wp-content\/uploads\/DSC_4086-Bearbeitet-1024x681.jpg\" class=\"wpce-image offset-image\" alt=\"Ihre Experten f\u00fcr Executive Team Assessment\" srcset=\"https:\/\/www.roy-hitchman.ch\/wp-content\/uploads\/DSC_4086-Bearbeitet-1024x681.jpg 1024w, https:\/\/www.roy-hitchman.ch\/wp-content\/uploads\/DSC_4086-Bearbeitet-768x511.jpg 768w, https:\/\/www.roy-hitchman.ch\/wp-content\/uploads\/DSC_4086-Bearbeitet-1536x1022.jpg 1536w, https:\/\/www.roy-hitchman.ch\/wp-content\/uploads\/DSC_4086-Bearbeitet-511x340.jpg 511w, https:\/\/www.roy-hitchman.ch\/wp-content\/uploads\/DSC_4086-Bearbeitet-1022x680.jpg 1022w, https:\/\/www.roy-hitchman.ch\/wp-content\/uploads\/DSC_4086-Bearbeitet-872x580.jpg 872w, https:\/\/www.roy-hitchman.ch\/wp-content\/uploads\/DSC_4086-Bearbeitet-1744x1160.jpg 1744w, https:\/\/www.roy-hitchman.ch\/wp-content\/uploads\/DSC_4086-Bearbeitet-992x660.jpg 992w, https:\/\/www.roy-hitchman.ch\/wp-content\/uploads\/DSC_4086-Bearbeitet-1984x1320.jpg 1984w, https:\/\/www.roy-hitchman.ch\/wp-content\/uploads\/DSC_4086-Bearbeitet-1200x798.jpg 1200w, https:\/\/www.roy-hitchman.ch\/wp-content\/uploads\/DSC_4086-Bearbeitet-2400x1597.jpg 2400w, https:\/\/www.roy-hitchman.ch\/wp-content\/uploads\/DSC_4086-Bearbeitet-1600x1064.jpg 1600w, https:\/\/www.roy-hitchman.ch\/wp-content\/uploads\/DSC_4086-Bearbeitet-1920x1277.jpg 1920w, https:\/\/www.roy-hitchman.ch\/wp-content\/uploads\/DSC_4086-Bearbeitet-300x200.jpg 300w, https:\/\/www.roy-hitchman.ch\/wp-content\/uploads\/DSC_4086-Bearbeitet-2048x1362.jpg 2048w, https:\/\/www.roy-hitchman.ch\/wp-content\/uploads\/DSC_4086-Bearbeitet-200x133.jpg 200w, https:\/\/www.roy-hitchman.ch\/wp-content\/uploads\/DSC_4086-Bearbeitet.jpg 2560w\" sizes=\"auto, (max-width: 1024px) 100vw, 1024px\" \/><\/div><\/div>\n<\/div><div  id=\"service\" class=\"page-section style-light layout-increased-top align-default\">\n\t<div class=\"section-grid grid-layout container\"><div  style=\"--grid-layout-index: 1; --col-xs: 12; --col-sm: 12; --col-md: 4; --col-lg: 4; --col-xl: 3\" class=\"section-item layout-default layout-margin-default\" data-sal><h2>Service<\/h2><\/div><div  style=\"--grid-layout-index: 2; --col-xs: 12; --col-sm: 12; --col-md: 8; --col-lg: 8; --col-xl: 7\" class=\"section-item layout-default layout-margin-default\" data-sal><p class=\"bodycopy\">After studying the CVs of the members of management, we conduct individual meetings with them and their direct reports.<\/p>\n<p class=\"bodycopy\">We analyze the existing competencies versus those that are required as well as the specific experience.<\/p>\n<p class=\"bodycopy\">In addition to our many years of experience as managers and consultants, we do this with the help of value-oriented and psychometric tests.<\/p>\n<p class=\"bodycopy\">Claudia Nussberger is a certified <a href=\"https:\/\/profilingvalues.com\/\">ProfilingValues<\/a> assessor. Sie erfahren dabei das relevante &#8216;K\u00f6nnen&#8217; und das aktuelle &#8216;Wollen&#8217; f\u00fcr das F\u00fchrungsteam.<\/p>\n<p class=\"bodycopy\">We document the results in concrete recommendations, providing them to the CEO or chair of the board depending on the assignment,\u00a0 in the following areas:<\/p>\n<ul class=\"styled-list\">\n<li>General normative management competencies<\/li>\n<li>Strategic competency<\/li>\n<li>Implementation competency<\/li>\n<li>Predictability\/reliability<\/li>\n<li>Diversity<\/li>\n<li>Specific technological competency<\/li>\n<li>Business model innovation competency<\/li>\n<li>Management culture<\/li>\n<li>Corporate culture<\/li>\n<li>Reputation<\/li>\n<\/ul>\n<\/div><\/div>\n<\/div><div  id=\"honorar\" class=\"page-section style-default layout-default align-default\">\n\t<div class=\"section-grid grid-layout container\"><div  style=\"--grid-layout-index: 1; --col-xs: 12; --col-sm: 12; --col-md: 4; --col-lg: 4; --col-xl: 3\" class=\"section-item layout-nopm layout-margin-default\" data-sal><h2>Fee<\/h2>\n<\/div><div  style=\"--grid-layout-index: 2; --col-xs: 12; --col-sm: 12; --col-md: 8; --col-lg: 8; --col-xl: 7\" class=\"section-item layout-default layout-margin-default\" data-sal><p class=\"bodycopy\">Our fee for this service is based on the size of the company and the management team, and ranges from CHF 15,000 to CHF 40,000.<\/p>\n\n<div class=\"buttons\">\n\t<div class=\"button-group\"><a  href=\"https:\/\/www.roy-hitchman.ch\/kontakt\/?subject=Contact us for an executive team assessment#kontakt\" class=\"button style-default\">Contact us for an executive team assessment<\/a><\/div>\n<\/div><\/div><\/div>\n<\/div>","protected":false},"excerpt":{"rendered":"<p>Executive team assessment The operational management team determines the success or failure of a company. Neither a strategically outstanding board nor a dedicated workforce can change this. On this page Situation Service Fee On this page Situation Service Fee Situation Good corporate governance requires a management team that is largely aligned with the specified goals, [&hellip;]<\/p>\n","protected":false},"author":1,"featured_media":0,"parent":0,"menu_order":0,"comment_status":"closed","ping_status":"closed","template":"","meta":{"_acf_changed":false,"inline_featured_image":false,"footnotes":""},"class_list":["post-2002","page","type-page","status-publish","hentry"],"acf":[],"yoast_head":"<!-- This site is optimized with the Yoast SEO plugin v27.5 - https:\/\/yoast.com\/product\/yoast-seo-wordpress\/ -->\n<title>Executive Team Assessment &#8211; Roy C. Hitchman AG<\/title>\n<meta name=\"description\" content=\"The operational management team makes or breaks a business. Neither a strategically astute board nor a dedicated workforce can change this.\" \/>\n<meta name=\"robots\" content=\"index, follow, max-snippet:-1, max-image-preview:large, max-video-preview:-1\" \/>\n<link rel=\"canonical\" href=\"https:\/\/www.roy-hitchman.ch\/en\/executive-team-assessment\/\" \/>\n<meta property=\"og:locale\" content=\"en_US\" \/>\n<meta property=\"og:type\" content=\"article\" \/>\n<meta property=\"og:title\" content=\"Executive Team Assessment &#8211; Roy C. Hitchman AG\" \/>\n<meta property=\"og:description\" content=\"The operational management team makes or breaks a business. Neither a strategically astute board nor a dedicated workforce can change this.\" \/>\n<meta property=\"og:url\" content=\"https:\/\/www.roy-hitchman.ch\/en\/executive-team-assessment\/\" \/>\n<meta property=\"og:site_name\" content=\"Roy C. Hitchman AG\" \/>\n<meta property=\"article:modified_time\" content=\"2023-07-21T14:00:24+00:00\" \/>\n<meta property=\"og:image\" content=\"https:\/\/www.roy-hitchman.ch\/wp-content\/uploads\/DSC_4086-Bearbeitet-1024x681.jpg\" \/>\n<meta name=\"twitter:card\" content=\"summary_large_image\" \/>\n<script type=\"application\/ld+json\" class=\"yoast-schema-graph\">{\"@context\":\"https:\\\/\\\/schema.org\",\"@graph\":[{\"@type\":\"WebPage\",\"@id\":\"https:\\\/\\\/www.roy-hitchman.ch\\\/en\\\/executive-team-assessment\\\/\",\"url\":\"https:\\\/\\\/www.roy-hitchman.ch\\\/en\\\/executive-team-assessment\\\/\",\"name\":\"Executive Team Assessment &#8211; Roy C. Hitchman AG\",\"isPartOf\":{\"@id\":\"https:\\\/\\\/www.roy-hitchman.ch\\\/#website\"},\"primaryImageOfPage\":{\"@id\":\"https:\\\/\\\/www.roy-hitchman.ch\\\/en\\\/executive-team-assessment\\\/#primaryimage\"},\"image\":{\"@id\":\"https:\\\/\\\/www.roy-hitchman.ch\\\/en\\\/executive-team-assessment\\\/#primaryimage\"},\"thumbnailUrl\":\"https:\\\/\\\/www.roy-hitchman.ch\\\/wp-content\\\/uploads\\\/DSC_4086-Bearbeitet-1024x681.jpg\",\"datePublished\":\"2021-09-24T10:09:18+00:00\",\"dateModified\":\"2023-07-21T14:00:24+00:00\",\"description\":\"The operational management team makes or breaks a business. Neither a strategically astute board nor a dedicated workforce can change this.\",\"breadcrumb\":{\"@id\":\"https:\\\/\\\/www.roy-hitchman.ch\\\/en\\\/executive-team-assessment\\\/#breadcrumb\"},\"inLanguage\":\"en-US\",\"potentialAction\":[{\"@type\":\"ReadAction\",\"target\":[\"https:\\\/\\\/www.roy-hitchman.ch\\\/en\\\/executive-team-assessment\\\/\"]}]},{\"@type\":\"ImageObject\",\"inLanguage\":\"en-US\",\"@id\":\"https:\\\/\\\/www.roy-hitchman.ch\\\/en\\\/executive-team-assessment\\\/#primaryimage\",\"url\":\"https:\\\/\\\/www.roy-hitchman.ch\\\/wp-content\\\/uploads\\\/DSC_4086-Bearbeitet-1024x681.jpg\",\"contentUrl\":\"https:\\\/\\\/www.roy-hitchman.ch\\\/wp-content\\\/uploads\\\/DSC_4086-Bearbeitet-1024x681.jpg\"},{\"@type\":\"BreadcrumbList\",\"@id\":\"https:\\\/\\\/www.roy-hitchman.ch\\\/en\\\/executive-team-assessment\\\/#breadcrumb\",\"itemListElement\":[{\"@type\":\"ListItem\",\"position\":1,\"name\":\"Startseite\",\"item\":\"https:\\\/\\\/www.roy-hitchman.ch\\\/en\\\/\"},{\"@type\":\"ListItem\",\"position\":2,\"name\":\"Executive Team Assessment\"}]},{\"@type\":\"WebSite\",\"@id\":\"https:\\\/\\\/www.roy-hitchman.ch\\\/#website\",\"url\":\"https:\\\/\\\/www.roy-hitchman.ch\\\/\",\"name\":\"Roy C. Hitchman AG\",\"description\":\"\",\"publisher\":{\"@id\":\"https:\\\/\\\/www.roy-hitchman.ch\\\/#organization\"},\"potentialAction\":[{\"@type\":\"SearchAction\",\"target\":{\"@type\":\"EntryPoint\",\"urlTemplate\":\"https:\\\/\\\/www.roy-hitchman.ch\\\/?s={search_term_string}\"},\"query-input\":{\"@type\":\"PropertyValueSpecification\",\"valueRequired\":true,\"valueName\":\"search_term_string\"}}],\"inLanguage\":\"en-US\"},{\"@type\":\"Organization\",\"@id\":\"https:\\\/\\\/www.roy-hitchman.ch\\\/#organization\",\"name\":\"Roy C. Hitchman AG\",\"url\":\"https:\\\/\\\/www.roy-hitchman.ch\\\/\",\"logo\":{\"@type\":\"ImageObject\",\"inLanguage\":\"en-US\",\"@id\":\"https:\\\/\\\/www.roy-hitchman.ch\\\/#\\\/schema\\\/logo\\\/image\\\/\",\"url\":\"https:\\\/\\\/www.roy-hitchman.ch\\\/wp-content\\\/uploads\\\/logo.svg\",\"contentUrl\":\"https:\\\/\\\/www.roy-hitchman.ch\\\/wp-content\\\/uploads\\\/logo.svg\",\"width\":412,\"height\":29,\"caption\":\"Roy C. Hitchman AG\"},\"image\":{\"@id\":\"https:\\\/\\\/www.roy-hitchman.ch\\\/#\\\/schema\\\/logo\\\/image\\\/\"}}]}<\/script>\n<!-- \/ Yoast SEO plugin. -->","yoast_head_json":{"title":"Executive Team Assessment &#8211; Roy C. Hitchman AG","description":"The operational management team makes or breaks a business. Neither a strategically astute board nor a dedicated workforce can change this.","robots":{"index":"index","follow":"follow","max-snippet":"max-snippet:-1","max-image-preview":"max-image-preview:large","max-video-preview":"max-video-preview:-1"},"canonical":"https:\/\/www.roy-hitchman.ch\/en\/executive-team-assessment\/","og_locale":"en_US","og_type":"article","og_title":"Executive Team Assessment &#8211; Roy C. Hitchman AG","og_description":"The operational management team makes or breaks a business. Neither a strategically astute board nor a dedicated workforce can change this.","og_url":"https:\/\/www.roy-hitchman.ch\/en\/executive-team-assessment\/","og_site_name":"Roy C. Hitchman AG","article_modified_time":"2023-07-21T14:00:24+00:00","og_image":[{"url":"https:\/\/www.roy-hitchman.ch\/wp-content\/uploads\/DSC_4086-Bearbeitet-1024x681.jpg","type":"","width":"","height":""}],"twitter_card":"summary_large_image","schema":{"@context":"https:\/\/schema.org","@graph":[{"@type":"WebPage","@id":"https:\/\/www.roy-hitchman.ch\/en\/executive-team-assessment\/","url":"https:\/\/www.roy-hitchman.ch\/en\/executive-team-assessment\/","name":"Executive Team Assessment &#8211; Roy C. Hitchman AG","isPartOf":{"@id":"https:\/\/www.roy-hitchman.ch\/#website"},"primaryImageOfPage":{"@id":"https:\/\/www.roy-hitchman.ch\/en\/executive-team-assessment\/#primaryimage"},"image":{"@id":"https:\/\/www.roy-hitchman.ch\/en\/executive-team-assessment\/#primaryimage"},"thumbnailUrl":"https:\/\/www.roy-hitchman.ch\/wp-content\/uploads\/DSC_4086-Bearbeitet-1024x681.jpg","datePublished":"2021-09-24T10:09:18+00:00","dateModified":"2023-07-21T14:00:24+00:00","description":"The operational management team makes or breaks a business. Neither a strategically astute board nor a dedicated workforce can change this.","breadcrumb":{"@id":"https:\/\/www.roy-hitchman.ch\/en\/executive-team-assessment\/#breadcrumb"},"inLanguage":"en-US","potentialAction":[{"@type":"ReadAction","target":["https:\/\/www.roy-hitchman.ch\/en\/executive-team-assessment\/"]}]},{"@type":"ImageObject","inLanguage":"en-US","@id":"https:\/\/www.roy-hitchman.ch\/en\/executive-team-assessment\/#primaryimage","url":"https:\/\/www.roy-hitchman.ch\/wp-content\/uploads\/DSC_4086-Bearbeitet-1024x681.jpg","contentUrl":"https:\/\/www.roy-hitchman.ch\/wp-content\/uploads\/DSC_4086-Bearbeitet-1024x681.jpg"},{"@type":"BreadcrumbList","@id":"https:\/\/www.roy-hitchman.ch\/en\/executive-team-assessment\/#breadcrumb","itemListElement":[{"@type":"ListItem","position":1,"name":"Startseite","item":"https:\/\/www.roy-hitchman.ch\/en\/"},{"@type":"ListItem","position":2,"name":"Executive Team Assessment"}]},{"@type":"WebSite","@id":"https:\/\/www.roy-hitchman.ch\/#website","url":"https:\/\/www.roy-hitchman.ch\/","name":"Roy C. Hitchman AG","description":"","publisher":{"@id":"https:\/\/www.roy-hitchman.ch\/#organization"},"potentialAction":[{"@type":"SearchAction","target":{"@type":"EntryPoint","urlTemplate":"https:\/\/www.roy-hitchman.ch\/?s={search_term_string}"},"query-input":{"@type":"PropertyValueSpecification","valueRequired":true,"valueName":"search_term_string"}}],"inLanguage":"en-US"},{"@type":"Organization","@id":"https:\/\/www.roy-hitchman.ch\/#organization","name":"Roy C. Hitchman AG","url":"https:\/\/www.roy-hitchman.ch\/","logo":{"@type":"ImageObject","inLanguage":"en-US","@id":"https:\/\/www.roy-hitchman.ch\/#\/schema\/logo\/image\/","url":"https:\/\/www.roy-hitchman.ch\/wp-content\/uploads\/logo.svg","contentUrl":"https:\/\/www.roy-hitchman.ch\/wp-content\/uploads\/logo.svg","width":412,"height":29,"caption":"Roy C. Hitchman AG"},"image":{"@id":"https:\/\/www.roy-hitchman.ch\/#\/schema\/logo\/image\/"}}]}},"_links":{"self":[{"href":"https:\/\/www.roy-hitchman.ch\/en\/wp-json\/wp\/v2\/pages\/2002","targetHints":{"allow":["GET"]}}],"collection":[{"href":"https:\/\/www.roy-hitchman.ch\/en\/wp-json\/wp\/v2\/pages"}],"about":[{"href":"https:\/\/www.roy-hitchman.ch\/en\/wp-json\/wp\/v2\/types\/page"}],"author":[{"embeddable":true,"href":"https:\/\/www.roy-hitchman.ch\/en\/wp-json\/wp\/v2\/users\/1"}],"replies":[{"embeddable":true,"href":"https:\/\/www.roy-hitchman.ch\/en\/wp-json\/wp\/v2\/comments?post=2002"}],"version-history":[{"count":10,"href":"https:\/\/www.roy-hitchman.ch\/en\/wp-json\/wp\/v2\/pages\/2002\/revisions"}],"predecessor-version":[{"id":4865,"href":"https:\/\/www.roy-hitchman.ch\/en\/wp-json\/wp\/v2\/pages\/2002\/revisions\/4865"}],"wp:attachment":[{"href":"https:\/\/www.roy-hitchman.ch\/en\/wp-json\/wp\/v2\/media?parent=2002"}],"curies":[{"name":"wp","href":"https:\/\/api.w.org\/{rel}","templated":true}]}}